{"id":1514,"date":"2016-05-09T15:05:34","date_gmt":"2016-05-09T19:05:34","guid":{"rendered":"http:\/\/www.solutionslimpides.com\/en\/?page_id=1514"},"modified":"2025-09-23T09:16:07","modified_gmt":"2025-09-23T13:16:07","slug":"useful-links","status":"publish","type":"page","link":"https:\/\/solutionslimpides.com\/en\/useful-links\/","title":{"rendered":"Useful Links"},"content":{"rendered":"<div class=\"wpb-content-wrapper\"><p>[vc_row top_margin=&#8221;page-margin-top&#8221; el_class=&#8221;liens&#8221;][vc_column width=&#8221;1\/2&#8243;][vc_column_text]<\/p>\n<h3>Useful Links<\/h3>\n<ul>\n<li><a title=\"Health Canada Guidelines for Drinking Water\" href=\"https:\/\/www.hc-sc.gc.ca\/ewh-semt\/water-eau\/drink-potab\/guide\/index-eng.php\" target=\"_blank\" rel=\"noopener noreferrer\">Health Canada, guidelines for drinking water in Canada\u00a0<\/a><\/li>\n<li><a title=\"Drinking water -- Harness\" href=\"https:\/\/www.hc-sc.gc.ca\/ewh-semt\/pubs\/water-eau\/hardness-durete\/index-eng.php\" target=\"_blank\" rel=\"noopener noreferrer\">Health Canada, guidelines For Canadian Drinking Water Quality &#8212; Hardness<\/a><\/li>\n<\/ul>\n<h3>PDF Documents<\/h3>\n<ul>\n<li><a href=\"https:\/\/solutionslimpides.com\/wp-content\/uploads\/procedure-changement-filtre-sediment-PurEauMax.pdf\" target=\"_blank\" rel=\"noopener\">Proc\u00e9dure de changement de filtre \u00e0 s\u00e9diments de votre PurEauMax<\/a> (French)<\/li>\n<li><a href=\"https:\/\/solutionslimpides.com\/wp-content\/uploads\/Instructions-Oxyfere-FSL-minuterie-AQD2.pdf\" target=\"_blank\" rel=\"noopener\"><span dir=\"ltr\" role=\"presentation\">Instructions OXYF\u00c8RE 3000-XX et <\/span><span dir=\"ltr\" role=\"presentation\">minuterieAQD2<\/span><\/a> (French)<\/li>\n<li><a href=\"https:\/\/solutionslimpides.com\/wp-content\/uploads\/pesticides-produits-pharmaceutiques-eau-potable.pdf\" target=\"_blank\" rel=\"noopener noreferrer\">Des pesticides et des produits pharmaceutiques dans votre eau potable<\/a> (French)<\/li>\n<li><a href=\"https:\/\/solutionslimpides.com\/wp-content\/uploads\/medicaments-eau-potable-tribune.pdf\" target=\"_blank\" rel=\"noopener noreferrer\">Des m\u00e9dicaments dans l\u2019eau potable<\/a> (French)<\/li>\n<li><a href=\"https:\/\/solutionslimpides.com\/wp-content\/uploads\/Envirotower-at-MEDVAMC-Texas.pdf\" target=\"_blank\" rel=\"noopener noreferrer\">Traitement de l&#8217;eau et refroidissement<\/a>\u00a0(French)<\/li>\n<li><a title=\"Lexique des mots de l'eau\" href=\"https:\/\/solutionslimpides.com\/pdfdoc\/l-eau-c-est-la-sante-lexique.pdf\" target=\"_blank\" rel=\"noopener noreferrer\">L&#8217;eau c&#8217;est la sant\u00e9, Lexique<\/a>\u00a0(French)<\/li>\n<li><a title=\"Quel poison cette eau emboutiell\u00e9e\" href=\"https:\/\/solutionslimpides.com\/pdfdoc\/ppseauembouteille.pdf\" target=\"_blank\" rel=\"noopener noreferrer\">Quel poison cette eau embouteill\u00e9e!<\/a>\u00a0(French)<\/li>\n<li><a title=\"D\u00e9sinfection puits for\u00e9 ou de surface\" href=\"https:\/\/solutionslimpides.com\/pdfdoc\/procedure-de-desinfection-d-un-puits-tubulaire-ou-de-surface.pdf\" target=\"_blank\" rel=\"noopener noreferrer\">D\u00e9sinfection puits for\u00e9 (tubulaire) ou de surface<\/a>\u00a0(French)<\/li>\n<li><a title=\"Guide installation DoucEau\" href=\"https:\/\/solutionslimpides.com\/pdfdoc\/installation-de-votre-douceau-scalebustertm.pdf?v=20230307\" target=\"_blank\" rel=\"noopener noreferrer\">Guide d&#8217;installation de votre DoucEau (ScaleBuster)<\/a>\u00a0(French)<\/li>\n<li><a href=\"https:\/\/solutionslimpides.com\/wp-content\/uploads\/Instal_Mise_Marche_FSL-Oxyfere-eco3000.pdf\" target=\"_blank\" rel=\"noopener noreferrer\">Instructions installation FSL ou Oxyf\u00e8re<\/a> (French)<\/li>\n<\/ul>\n<h3 class=\"boutons\">Your house and water<\/h3>\n<ul>\n<li><a href=\"\/wp-content\/uploads\/arsenic-votre-sante-et-vous-fra2006-08.pdf\" target=\"_blank\" rel=\"noopener noreferrer\">L&#8217;arsenic dans l&#8217;eau potable<\/a>\u00a0(French)<\/li>\n<li><a href=\"https:\/\/solutionslimpides.com\/wp-content\/uploads\/arsenic_f.pdf\" target=\"_blank\" rel=\"noopener noreferrer\">L&#8217;arsenic<\/a>\u00a0(French)<\/li>\n<li><a href=\"https:\/\/solutionslimpides.com\/wp-content\/uploads\/manganese-eau-fra.pdf\" target=\"_blank\" rel=\"noopener noreferrer\">Le mangan\u00e8se<\/a>\u00a0(French)<\/li>\n<li><a href=\"https:\/\/solutionslimpides.com\/wp-content\/uploads\/fer-eau-fra.pdf\" target=\"_blank\" rel=\"noopener noreferrer\">Le fer<\/a>\u00a0(French)<\/li>\n<li><a title=\"Water softener \" href=\"http:\/\/www.cmhc-schl.gc.ca\/odpub\/pdf\/62946.pdf?fr=1348083416515\" target=\"_blank\" rel=\"noopener noreferrer\">Water Softeners<\/a><\/li>\n<li><a title=\"Water filters for house\" href=\"http:\/\/www.cmhc-schl.gc.ca\/odpub\/pdf\/62896.pdf?fr=1348083311700\" target=\"_blank\" rel=\"noopener noreferrer\">Water Filters\u00a0<\/a><\/li>\n<li><a title=\"Septic system\" href=\"http:\/\/www.cmhc-schl.gc.ca\/odpub\/pdf\/62795.pdf?fr=1348083360716\" target=\"_blank\" rel=\"noopener noreferrer\">Septic System<\/a><\/li>\n<li><a title=\"Reverse Osmosis Water Treatment\" href=\"http:\/\/www.cmhc-schl.gc.ca\/odpub\/pdf\/62962.pdf?fr=1348083401857\" target=\"_blank\" rel=\"noopener noreferrer\">Reverse Osmosis Water Treatment<\/a><\/li>\n<li><a title=\"UV Water Treatment\" href=\"http:\/\/www.cmhc-schl.gc.ca\/odpub\/pdf\/62953.pdf?fr=1348083585906\" target=\"_blank\" rel=\"noopener noreferrer\">UV Water Treatment<\/a><\/li>\n<li><a title=\"Drinking Water Chlorination\" href=\"http:\/\/www.hc-sc.gc.ca\/hl-vs\/alt_formats\/pacrb-dgapcr\/pdf\/iyh-vsv\/environ\/chlor-eng.pdf\" target=\"_blank\" rel=\"noopener noreferrer\">Drinking Water Chlorination<\/a><\/li>\n<li><a title=\"Risques chloration eau potable\" href=\"\/pdfdoc\/risques-pour-la-sante-lies-a-la-consommation-de-sous-produits-de-la-chloration.pdf\" target=\"_blank\" rel=\"noopener noreferrer\">Les risques de la chloration de l&#8217;eau potable<\/a>\u00a0(French)<\/li>\n<li><strong><a href=\"https:\/\/solutionslimpides.com\/wp-content\/uploads\/Desinfection_chloration_sous-produits_mar_2008.pdf\" target=\"_blank\" rel=\"noopener\">Les sous-produits de la d\u00e9sinfection (SPD) par chloration dans l\u2019eau potable et la sant\u00e9 publique au Canada<\/a><\/strong> (French)<\/li>\n<li><a title=\"Potassium et adoucisseur dangers\" href=\"http:\/\/www.hc-sc.gc.ca\/ewh-semt\/alt_formats\/hecs-sesc\/pdf\/pubs\/water-eau\/potassium\/potassium-eng.pdf\" target=\"_blank\" rel=\"noopener noreferrer\">Guidance on Potassium from Water Softeners<\/a><\/li>\n<li><a title=\"Water Treatment Devices\" href=\"http:\/\/www.hc-sc.gc.ca\/ewh-semt\/pubs\/water-eau\/devices-dispositifs-eng.php\" target=\"_blank\" rel=\"noopener noreferrer\">Water Treatment Devices for Disinfection of Drinking Water<\/a><\/li>\n<li><a title=\"Hardness\" href=\"http:\/\/www.hc-sc.gc.ca\/ewh-semt\/alt_formats\/hecs-sesc\/pdf\/pubs\/water-eau\/hardness-durete\/hardness-durete-eng.pdf\" target=\"_blank\" rel=\"noopener noreferrer\">Hardness &#8211; Explanation<\/a><\/li>\n<li><a title=\"Rainwater Harvestiong and Grey Water Reuse\" href=\"http:\/\/www.cmhc-schl.gc.ca\/publications\/en\/rh-pr\/tech\/03-100-e.htm\" target=\"_blank\" rel=\"noopener noreferrer\">Rainwater Harvesting and Grey Water Reuse<\/a><\/li>\n<\/ul>\n<p>[\/vc_column_text][\/vc_column][vc_column width=&#8221;1\/2&#8243;][vc_column_text]<\/p>\n<h3 class=\"boutons\">Water heater<\/h3>\n<ul>\n<li><a href=\"https:\/\/solutionslimpides.com\/pdfdoc\/anode-chauffe-eau.pdf\" target=\"_blank\" rel=\"noopener noreferrer\">Barres d\u2019anode et protection cathodique<\/a>\u00a0(French)<\/li>\n<li><a title=\"Chauffe-eau domestique r\u00e9servoir\" href=\"https:\/\/solutionslimpides.com\/pdfdoc\/chronique-chauffe-eau.pdf\" target=\"_blank\" rel=\"noopener noreferrer\">Parlons des chauffe-eau domestiques<\/a>\u00a0(French)<\/li>\n<li><a title=\"Manuel entretien chauffe-eau et soufre anode\" href=\"https:\/\/solutionslimpides.com\/pdfdoc\/gsw-reselectric-installation-manual-french.pdf\" target=\"_blank\" rel=\"noopener noreferrer\">GSW, chauffe-eau \u00e9lectrique, installation et utilisation<\/a>\u00a0(French)<\/li>\n<li><a title=\"Prot\u00e9gez votre chauffe-eau \u00e9conomiser \u00e9nergie\" href=\"https:\/\/solutionslimpides.com\/pdfdoc\/protegez-vous-chauffe-eau.pdf\" target=\"_blank\" rel=\"noopener noreferrer\">Prot\u00e9gez-Vous, l&#8217;efficacit\u00e9 \u00e9nerg\u00e9tique, chauffe-eau<\/a>\u00a0(French)<\/li>\n<\/ul>\n<h3 class=\"boutons\">Activated charcoal<\/h3>\n<ul>\n<li><a title=\"Charbon activ\u00e9 informations\" href=\"http:\/\/en.wikipedia.org\/wiki\/Activated_carbon\" target=\"_blank\" rel=\"noopener noreferrer\">Activated Carbon<\/a><\/li>\n<li><a title=\"Charbon actif et r\u00e9activation\" href=\"https:\/\/solutionslimpides.com\/pdfdoc\/calgon-reactivation-of-spent-activated-carbon.pdf\" target=\"_blank\" rel=\"noopener noreferrer\">Calgon carbon corpoartion &#8212; Custom Reactivation of Activated Carbon for Drinking Water Treatment<\/a><\/li>\n<\/ul>\n<h3 class=\"boutons\">Limestone<\/h3>\n<ul>\n<li><a title=\"Qu'est-ce que le calcaire? (en Anglais)\" href=\"https:\/\/solutionslimpides.com\/pdfdoc\/what-is-scale.pdf\" target=\"_blank\" rel=\"noopener noreferrer\">What is Scale?<\/a><\/li>\n<li><a title=\"Conseils sur potassium et adoucisseurs\" href=\"http:\/\/www.hc-sc.gc.ca\/ewh-semt\/alt_formats\/hecs-sesc\/pdf\/pubs\/water-eau\/potassium\/potassium-eng.pdf\" target=\"_blank\" rel=\"noopener noreferrer\">Guidance on Potassium for Water Softeners<\/a><\/li>\n<li><a title=\"La duret\u00e9 de l'eau et la sant\u00e9.\" href=\"http:\/\/www.hc-sc.gc.ca\/ewh-semt\/alt_formats\/hecs-sesc\/pdf\/pubs\/water-eau\/hardness-durete\/hardness-durete-eng.pdf\" target=\"_blank\" rel=\"noopener noreferrer\">Health Canada &#8212; Hardness<\/a><\/li>\n<li><a title=\"Fonctionnement du DoucEau (ScaleBuster)\" href=\"https:\/\/solutionslimpides.com\/pdfdoc\/technologie-douceau-scalebuster.pdf\" target=\"_blank\" rel=\"noopener noreferrer\">Fonctionnement DoucEau (ScaleBuster)<\/a> (French)<\/li>\n<\/ul>\n<h3 class=\"boutons\">Few chemical products used for water treatment<\/h3>\n<ul>\n<li><a title=\"Fiche signal\u00e9tique carbonate de soude\" href=\"https:\/\/solutionslimpides.com\/pdfdoc\/soda-ash-whmis-simdut.pdf\" target=\"_blank\" rel=\"noopener noreferrer\">Soda Ash Dense (SIMDUT)<\/a><\/li>\n<li><a title=\"Sous produits toxiques d\u00e9sinfection de l'eau 1\" href=\"http:\/\/www.hc-sc.gc.ca\/ewh-semt\/alt_formats\/hecs-sesc\/pdf\/pubs\/water-eau\/byproducts-sousproduits\/byproducts-sousproduits_pt1-eng.pdf\" target=\"_blank\" rel=\"noopener noreferrer\">Toxic By-Products in Drinking Water in Canada<\/a><\/li>\n<li><a title=\"Sous produits toxiques suit 2\" href=\"http:\/\/www.hc-sc.gc.ca\/ewh-semt\/alt_formats\/hecs-sesc\/pdf\/pubs\/water-eau\/byproducts-sousproduits\/byproducts-sousproduits_pt2-eng.pdf\" target=\"_blank\" rel=\"noopener noreferrer\">Toxic By-Products in Dinking Water in Canada (part 2)<\/a><\/li>\n<li><a title=\"Risques li\u00e9s \u00e0 la d\u00e9sinfection de l'eau\" href=\"https:\/\/solutionslimpides.com\/pdfdoc\/risques-pour-la-sante-lies-a-la-consommation-de-sous-produits-de-la-chloration-57.pdf\" target=\"_blank\" rel=\"noopener noreferrer\">Risques pour la sant\u00e9 li\u00e9s \u00e0 la consommation de sous-produits de la chloration de l&#8217;eau potable : rapport d&#8217;un groupe d&#8217;experts<\/a><\/li>\n<li><a title=\"Monopersulfate de potassium\" href=\"https:\/\/solutionslimpides.com\/pdfdoc\/potassium-monpersulfate-k2hso5.pdf\" target=\"_blank\" rel=\"noopener noreferrer\">Potassium monopersulfate<\/a><\/li>\n<\/ul>\n<p>[\/vc_column_text][\/vc_column][\/vc_row][vc_row][vc_column][vc_column_text css=&#8221;.vc_custom_1464358745947{margin-top: 30px !important;border-top-width: 1px !important;padding-top: 0px !important;border-top-color: #000000 !important;border-top-style: solid !important;}&#8221;]<small>PurEaumax, Oxyfere, DoucEau\u00a0are products names and terms that belong to Solutions Limpides and they designate some intruments at Solutions Limpides.<br \/>\n<\/small><small>Hallett, Upstream are brands and\u00a0instrument from UvPure.<\/small>[\/vc_column_text][\/vc_column][\/vc_row]<\/p>\n<\/div>","protected":false},"excerpt":{"rendered":"<p>[vc_row top_margin=&#8221;page-margin-top&#8221; el_class=&#8221;liens&#8221;][vc_column width=&#8221;1\/2&#8243;][vc_column_text] Useful Links Health Canada, guidelines for drinking water in Canada\u00a0 Health Canada, guidelines For Canadian Drinking Water Quality &#8212; Hardness PDF Documents Proc\u00e9dure de changement de filtre \u00e0 s\u00e9diments de votre PurEauMax (French) Instructions OXYF\u00c8RE 3000-XX et minuterieAQD2 (French) Des pesticides et des produits pharmaceutiques dans votre eau potable (French) Des<\/p>\n","protected":false},"author":1,"featured_media":0,"parent":0,"menu_order":8,"comment_status":"closed","ping_status":"closed","template":"","meta":{"inline_featured_image":false,"footnotes":""},"class_list":["post-1514","page","type-page","status-publish","hentry"],"yoast_head":"<!-- This site is optimized with the Yoast SEO plugin v27.2 - https:\/\/yoast.com\/product\/yoast-seo-wordpress\/ -->\n<title>Useful Links - Solutions Limpides<\/title>\n<meta name=\"description\" content=\"Useful links for salt-free, chemical-free water treatment solutions: hardness, softeners, sulfur, manganese.\" \/>\n<meta name=\"robots\" content=\"index, follow, max-snippet:-1, max-image-preview:large, max-video-preview:-1\" \/>\n<link rel=\"canonical\" href=\"https:\/\/solutionslimpides.com\/en\/useful-links\/\" \/>\n<meta property=\"og:locale\" content=\"en_US\" \/>\n<meta property=\"og:type\" content=\"article\" \/>\n<meta property=\"og:title\" content=\"Useful Links - Solutions Limpides\" \/>\n<meta property=\"og:description\" content=\"Useful links for salt-free, chemical-free water treatment solutions: hardness, softeners, sulfur, manganese.\" \/>\n<meta property=\"og:url\" content=\"https:\/\/solutionslimpides.com\/en\/useful-links\/\" \/>\n<meta property=\"og:site_name\" content=\"Solutions Limpides\" \/>\n<meta property=\"article:modified_time\" content=\"2025-09-23T13:16:07+00:00\" \/>\n<meta property=\"og:image\" content=\"https:\/\/solutionslimpides.com\/wp-content\/uploads\/famille-cuisine.jpg\" \/>\n\t<meta property=\"og:image:width\" content=\"1920\" \/>\n\t<meta property=\"og:image:height\" content=\"600\" \/>\n\t<meta property=\"og:image:type\" content=\"image\/jpeg\" \/>\n<meta name=\"twitter:card\" content=\"summary_large_image\" \/>\n<meta name=\"twitter:label1\" content=\"Est. reading time\" \/>\n\t<meta name=\"twitter:data1\" content=\"2 minutes\" \/>\n<script type=\"application\/ld+json\" class=\"yoast-schema-graph\">{\"@context\":\"https:\/\/schema.org\",\"@graph\":[{\"@type\":\"WebPage\",\"@id\":\"https:\/\/solutionslimpides.com\/en\/useful-links\/\",\"url\":\"https:\/\/solutionslimpides.com\/en\/useful-links\/\",\"name\":\"Useful Links - Solutions Limpides\",\"isPartOf\":{\"@id\":\"https:\/\/solutionslimpides.com\/en\/#website\"},\"datePublished\":\"2016-05-09T19:05:34+00:00\",\"dateModified\":\"2025-09-23T13:16:07+00:00\",\"description\":\"Useful links for salt-free, chemical-free water treatment solutions: hardness, softeners, sulfur, manganese.\",\"breadcrumb\":{\"@id\":\"https:\/\/solutionslimpides.com\/en\/useful-links\/#breadcrumb\"},\"inLanguage\":\"en-CA\",\"potentialAction\":[{\"@type\":\"ReadAction\",\"target\":[\"https:\/\/solutionslimpides.com\/en\/useful-links\/\"]}]},{\"@type\":\"BreadcrumbList\",\"@id\":\"https:\/\/solutionslimpides.com\/en\/useful-links\/#breadcrumb\",\"itemListElement\":[{\"@type\":\"ListItem\",\"position\":1,\"name\":\"Accueil\",\"item\":\"https:\/\/solutionslimpides.com\/en\/\"},{\"@type\":\"ListItem\",\"position\":2,\"name\":\"Useful Links\"}]},{\"@type\":\"WebSite\",\"@id\":\"https:\/\/solutionslimpides.com\/en\/#website\",\"url\":\"https:\/\/solutionslimpides.com\/en\/\",\"name\":\"Solutions Limpides\",\"description\":\"Water treatment without salt or chemicals\",\"potentialAction\":[{\"@type\":\"SearchAction\",\"target\":{\"@type\":\"EntryPoint\",\"urlTemplate\":\"https:\/\/solutionslimpides.com\/en\/?s={search_term_string}\"},\"query-input\":{\"@type\":\"PropertyValueSpecification\",\"valueRequired\":true,\"valueName\":\"search_term_string\"}}],\"inLanguage\":\"en-CA\"}]}<\/script>\n<!-- \/ Yoast SEO plugin. -->","yoast_head_json":{"title":"Useful Links - Solutions Limpides","description":"Useful links for salt-free, chemical-free water treatment solutions: hardness, softeners, sulfur, manganese.","robots":{"index":"index","follow":"follow","max-snippet":"max-snippet:-1","max-image-preview":"max-image-preview:large","max-video-preview":"max-video-preview:-1"},"canonical":"https:\/\/solutionslimpides.com\/en\/useful-links\/","og_locale":"en_US","og_type":"article","og_title":"Useful Links - Solutions Limpides","og_description":"Useful links for salt-free, chemical-free water treatment solutions: hardness, softeners, sulfur, manganese.","og_url":"https:\/\/solutionslimpides.com\/en\/useful-links\/","og_site_name":"Solutions Limpides","article_modified_time":"2025-09-23T13:16:07+00:00","og_image":[{"width":1920,"height":600,"url":"https:\/\/solutionslimpides.com\/wp-content\/uploads\/famille-cuisine.jpg","type":"image\/jpeg"}],"twitter_card":"summary_large_image","twitter_misc":{"Est. reading time":"2 minutes"},"schema":{"@context":"https:\/\/schema.org","@graph":[{"@type":"WebPage","@id":"https:\/\/solutionslimpides.com\/en\/useful-links\/","url":"https:\/\/solutionslimpides.com\/en\/useful-links\/","name":"Useful Links - Solutions Limpides","isPartOf":{"@id":"https:\/\/solutionslimpides.com\/en\/#website"},"datePublished":"2016-05-09T19:05:34+00:00","dateModified":"2025-09-23T13:16:07+00:00","description":"Useful links for salt-free, chemical-free water treatment solutions: hardness, softeners, sulfur, manganese.","breadcrumb":{"@id":"https:\/\/solutionslimpides.com\/en\/useful-links\/#breadcrumb"},"inLanguage":"en-CA","potentialAction":[{"@type":"ReadAction","target":["https:\/\/solutionslimpides.com\/en\/useful-links\/"]}]},{"@type":"BreadcrumbList","@id":"https:\/\/solutionslimpides.com\/en\/useful-links\/#breadcrumb","itemListElement":[{"@type":"ListItem","position":1,"name":"Accueil","item":"https:\/\/solutionslimpides.com\/en\/"},{"@type":"ListItem","position":2,"name":"Useful Links"}]},{"@type":"WebSite","@id":"https:\/\/solutionslimpides.com\/en\/#website","url":"https:\/\/solutionslimpides.com\/en\/","name":"Solutions Limpides","description":"Water treatment without salt or chemicals","potentialAction":[{"@type":"SearchAction","target":{"@type":"EntryPoint","urlTemplate":"https:\/\/solutionslimpides.com\/en\/?s={search_term_string}"},"query-input":{"@type":"PropertyValueSpecification","valueRequired":true,"valueName":"search_term_string"}}],"inLanguage":"en-CA"}]}},"_links":{"self":[{"href":"https:\/\/solutionslimpides.com\/en\/wp-json\/wp\/v2\/pages\/1514","targetHints":{"allow":["GET"]}}],"collection":[{"href":"https:\/\/solutionslimpides.com\/en\/wp-json\/wp\/v2\/pages"}],"about":[{"href":"https:\/\/solutionslimpides.com\/en\/wp-json\/wp\/v2\/types\/page"}],"author":[{"embeddable":true,"href":"https:\/\/solutionslimpides.com\/en\/wp-json\/wp\/v2\/users\/1"}],"replies":[{"embeddable":true,"href":"https:\/\/solutionslimpides.com\/en\/wp-json\/wp\/v2\/comments?post=1514"}],"version-history":[{"count":0,"href":"https:\/\/solutionslimpides.com\/en\/wp-json\/wp\/v2\/pages\/1514\/revisions"}],"wp:attachment":[{"href":"https:\/\/solutionslimpides.com\/en\/wp-json\/wp\/v2\/media?parent=1514"}],"curies":[{"name":"wp","href":"https:\/\/api.w.org\/{rel}","templated":true}]}}